{"id":167,"date":"2025-08-28T10:44:49","date_gmt":"2025-08-28T10:44:49","guid":{"rendered":"https:\/\/nxtbookmedia.fr\/conseil-et-production\/"},"modified":"2026-04-01T15:10:53","modified_gmt":"2026-04-01T15:10:53","slug":"applications-mobiles","status":"publish","type":"page","link":"https:\/\/nxtbookmedia.fr\/de\/applications-mobiles\/","title":{"rendered":"Mobile-Apps"},"content":{"rendered":"\t\t<div data-elementor-type=\"wp-page\" data-elementor-id=\"167\" class=\"elementor elementor-167\">\n\t\t\t\t<div class=\"elementor-element elementor-element-zudlffm6 twbb_section twbb_full_h e-flex e-con-boxed e-con e-parent\" data-id=\"zudlffm6\" data-element_type=\"container\" id=\"hero-section-of-the-page-for-service-consulting-production\" data-settings=\"{&quot;background_background&quot;:&quot;classic&quot;,&quot;background_motion_fx_motion_fx_scrolling&quot;:&quot;yes&quot;,&quot;background_motion_fx_scale_effect&quot;:&quot;yes&quot;,&quot;background_motion_fx_scale_speed&quot;:{&quot;unit&quot;:&quot;px&quot;,&quot;size&quot;:7,&quot;sizes&quot;:[]},&quot;background_motion_fx_scale_direction&quot;:&quot;out-in&quot;,&quot;background_motion_fx_scale_range&quot;:{&quot;unit&quot;:&quot;%&quot;,&quot;size&quot;:&quot;&quot;,&quot;sizes&quot;:{&quot;start&quot;:20,&quot;end&quot;:80}},&quot;background_motion_fx_devices&quot;:[&quot;desktop&quot;,&quot;tablet&quot;,&quot;mobile&quot;]}\">\n\t\t\t\t\t<div class=\"e-con-inner\">\n\t\t\t\t<div class=\"elementor-element elementor-element-2w9wxojh elementor-widget__width-initial elementor-widget-mobile__width-inherit elementor-widget-tablet__width-initial twbb-headline--style-highlight elementor-widget elementor-widget-twbbanimated-headline\" data-id=\"2w9wxojh\" data-element_type=\"widget\" data-settings=\"{&quot;highlighted_text&quot;:&quot;Cr\\u00e9ation d&#039;applis&quot;,&quot;marker&quot;:&quot;underline_zigzag&quot;,&quot;headline_style&quot;:&quot;highlight&quot;}\" data-widget_type=\"twbbanimated-headline.default\">\n\t\t\t\t<div class=\"elementor-widget-container\">\n\t\t\t\t\t    <h1 class=\"twbb-headline\">\n        <span class=\"twbb-headline-dynamic-wrapper twbb-headline-text-wrapper\"><\/span>\n          <span class=\"twbb-headline-plain-text twbb-headline-text-wrapper\"> pour iOS et Android<\/span>\n        <\/h1>\n    \t\t\t\t<\/div>\n\t\t\t\t<\/div>\n\t\t\t\t<div class=\"elementor-element elementor-element-ldajrh3w elementor-widget__width-initial elementor-widget-mobile__width-inherit elementor-widget-tablet__width-initial elementor-invisible elementor-widget elementor-widget-text-editor\" data-id=\"ldajrh3w\" data-element_type=\"widget\" data-settings=\"{&quot;_animation&quot;:&quot;fadeInUp&quot;}\" data-widget_type=\"text-editor.default\">\n\t\t\t\t\t\t\t\t\tEn lien avec nos solutions de mise en ligne de publications (magazines, catalogues, brochures), <b>nous cr\u00e9ons des applications iOS &amp; Android<\/b> permettant de mieux diffuser vos contenus, <b>en int\u00e9grant les publications directement dans une rubrique<\/b> des applications propos\u00e9es.\t\t\t\t\t\t\t\t<\/div>\n\t\t<div class=\"elementor-element elementor-element-cv07ak8d e-con-full e-flex e-con e-child\" data-id=\"cv07ak8d\" data-element_type=\"container\">\n\t\t\t\t<div class=\"elementor-element elementor-element-xkraa3cd elementor-align-right elementor-mobile-align-center elementor-widget elementor-widget-button\" data-id=\"xkraa3cd\" data-element_type=\"widget\" data-widget_type=\"button.default\">\n\t\t\t\t\t\t\t\t\t\t<a class=\"elementor-button elementor-button-link elementor-size-sm\" href=\"#detailsapplicationsmobiles\">\n\t\t\t\t\t\t<span class=\"elementor-button-content-wrapper\">\n\t\t\t\t\t\t\t\t\t<span class=\"elementor-button-text\">En savoir plus<\/span>\n\t\t\t\t\t<\/span>\n\t\t\t\t\t<\/a>\n\t\t\t\t\t\t\t\t<\/div>\n\t\t\t\t<div class=\"elementor-element elementor-element-64596bb elementor-align-right elementor-mobile-align-center elementor-widget elementor-widget-button\" data-id=\"64596bb\" data-element_type=\"widget\" data-widget_type=\"button.default\">\n\t\t\t\t\t\t\t\t\t\t<a class=\"elementor-button elementor-button-link elementor-size-sm\" href=\"https:\/\/nxtbookmedia.fr\/contact\/\">\n\t\t\t\t\t\t<span class=\"elementor-button-content-wrapper\">\n\t\t\t\t\t\t\t\t\t<span class=\"elementor-button-text\">Commencer<\/span>\n\t\t\t\t\t<\/span>\n\t\t\t\t\t<\/a>\n\t\t\t\t\t\t\t\t<\/div>\n\t\t\t\t<\/div>\n\t\t\t\t\t<\/div>\n\t\t\t\t<\/div>\n\t\t<div class=\"elementor-element elementor-element-769e101 twbb_section e-flex e-con-boxed e-con e-parent\" data-id=\"769e101\" data-element_type=\"container\" id=\"detailsapplicationsmobiles\" data-settings=\"{&quot;shape_divider_top&quot;:&quot;opacity-fan&quot;}\">\n\t\t\t\t\t<div class=\"e-con-inner\">\n\t\t\t\t<div class=\"elementor-shape elementor-shape-top\" aria-hidden=\"true\" data-negative=\"false\">\n\t\t\t<svg xmlns=\"http:\/\/www.w3.org\/2000\/svg\" viewBox=\"0 0 283.5 19.6\" preserveAspectRatio=\"none\">\n\t<path class=\"elementor-shape-fill\" style=\"opacity:0.33\" d=\"M0 0L0 18.8 141.8 4.1 283.5 18.8 283.5 0z\"\/>\n\t<path class=\"elementor-shape-fill\" style=\"opacity:0.33\" d=\"M0 0L0 12.6 141.8 4 283.5 12.6 283.5 0z\"\/>\n\t<path class=\"elementor-shape-fill\" style=\"opacity:0.33\" d=\"M0 0L0 6.4 141.8 4 283.5 6.4 283.5 0z\"\/>\n\t<path class=\"elementor-shape-fill\" d=\"M0 0L0 1.2 141.8 4 283.5 1.2 283.5 0z\"\/>\n<\/svg>\t\t<\/div>\n\t\t\t\t<div class=\"elementor-element elementor-element-6fb0f5a6 elementor-invisible elementor-widget elementor-widget-heading\" data-id=\"6fb0f5a6\" data-element_type=\"widget\" data-settings=\"{&quot;_animation&quot;:&quot;fadeInUp&quot;}\" data-widget_type=\"heading.default\">\n\t\t\t\t\t<h1 class=\"elementor-heading-title elementor-size-default\"><h3>Application AFTE<span style=\"font-family: Montserrat, sans-serif;font-size: 56px;font-style: normal;font-weight: 700\"><\/span><\/h3><\/h1>\t\t\t\t<\/div>\n\t\t\t\t<div class=\"elementor-element elementor-element-6bcbd42d elementor-widget__width-initial elementor-widget-mobile__width-inherit elementor-widget-tablet__width-initial elementor-widget elementor-widget-image\" data-id=\"6bcbd42d\" data-element_type=\"widget\" data-widget_type=\"image.default\">\n\t\t\t\t\t\t\t\t\t\t\t\t\t\t\t<img fetchpriority=\"high\" decoding=\"async\" width=\"2560\" height=\"1708\" src=\"https:\/\/nxtbookmedia.fr\/wp-content\/uploads\/2025\/11\/AFTEAppV2-scaled.jpg\" class=\"attachment-full size-full wp-image-1016\" alt=\"\" srcset=\"https:\/\/nxtbookmedia.fr\/wp-content\/uploads\/2025\/11\/AFTEAppV2-scaled.jpg 2560w, https:\/\/nxtbookmedia.fr\/wp-content\/uploads\/2025\/11\/AFTEAppV2-300x200.jpg 300w, https:\/\/nxtbookmedia.fr\/wp-content\/uploads\/2025\/11\/AFTEAppV2-1024x683.jpg 1024w, https:\/\/nxtbookmedia.fr\/wp-content\/uploads\/2025\/11\/AFTEAppV2-768x513.jpg 768w, https:\/\/nxtbookmedia.fr\/wp-content\/uploads\/2025\/11\/AFTEAppV2-1536x1025.jpg 1536w, https:\/\/nxtbookmedia.fr\/wp-content\/uploads\/2025\/11\/AFTEAppV2-2048x1367.jpg 2048w, https:\/\/nxtbookmedia.fr\/wp-content\/uploads\/2025\/11\/AFTEAppV2-600x400.jpg 600w\" sizes=\"(max-width: 2560px) 100vw, 2560px\" \/>\t\t\t\t\t\t\t\t\t\t\t\t\t\t\t<\/div>\n\t\t<div class=\"elementor-element elementor-element-4d0ad21c e-flex e-con-boxed e-con e-child\" data-id=\"4d0ad21c\" data-element_type=\"container\">\n\t\t\t\t\t<div class=\"e-con-inner\">\n\t\t<div class=\"elementor-element elementor-element-63adf90e e-con-full e-flex e-con e-child\" data-id=\"63adf90e\" data-element_type=\"container\">\n\t\t\t\t<div class=\"elementor-element elementor-element-275f6dbf elementor-invisible elementor-widget elementor-widget-text-editor\" data-id=\"275f6dbf\" data-element_type=\"widget\" data-settings=\"{&quot;_animation&quot;:&quot;fadeInUp&quot;}\" data-widget_type=\"text-editor.default\">\n\t\t\t\t\t\t\t\t\t<p>Application mobile iOS &amp; Android lanc\u00e9e par l\u2019Association Fran\u00e7aise des Tr\u00e9soriers d\u2019Entreprise pour offrir aux professionnels de la finance un acc\u00e8s imm\u00e9diat aux contenus m\u00e9tiers, ressources d\u2019expertise et \u00e9v\u00e9nements de la communaut\u00e9 AFTE.<\/p><ul><li>Derniers num\u00e9ros de la Lettre du Tr\u00e9sorier (<strong>format Nxtbook4 Responsive<\/strong>)<\/li><li>Ressources d\u2019expertise et documentation sp\u00e9cialis\u00e9e<\/li><li>Agenda : conf\u00e9rences, formations &amp; \u00e9v\u00e9nements<\/li><li>Espace de networking &amp; informations en temps r\u00e9el<\/li><li>Espace publicitaire d\u00e9di\u00e9 aux acteurs financiers B2B<\/li><\/ul>\t\t\t\t\t\t\t\t<\/div>\n\t\t<div class=\"elementor-element elementor-element-4073fe5 e-grid e-con-full e-con e-child\" data-id=\"4073fe5\" data-element_type=\"container\">\n\t\t\t\t<div class=\"elementor-element elementor-element-9719056 elementor-widget elementor-widget-image\" data-id=\"9719056\" data-element_type=\"widget\" data-widget_type=\"image.default\">\n\t\t\t\t\t\t\t\t\t\t\t\t\t\t\t\t<a href=\"https:\/\/play.google.com\/store\/apps\/details?id=com.goodbarber.afte\" target=\"_blank\">\n\t\t\t\t\t\t\t<img decoding=\"async\" width=\"640\" height=\"223\" src=\"https:\/\/nxtbookmedia.fr\/wp-content\/uploads\/2025\/11\/download-google-play-store-768x268.png\" class=\"attachment-medium_large size-medium_large wp-image-1084\" alt=\"\" srcset=\"https:\/\/nxtbookmedia.fr\/wp-content\/uploads\/2025\/11\/download-google-play-store-768x268.png 768w, https:\/\/nxtbookmedia.fr\/wp-content\/uploads\/2025\/11\/download-google-play-store-300x105.png 300w, https:\/\/nxtbookmedia.fr\/wp-content\/uploads\/2025\/11\/download-google-play-store-1024x357.png 1024w, https:\/\/nxtbookmedia.fr\/wp-content\/uploads\/2025\/11\/download-google-play-store-1536x536.png 1536w, https:\/\/nxtbookmedia.fr\/wp-content\/uploads\/2025\/11\/download-google-play-store-2048x714.png 2048w, https:\/\/nxtbookmedia.fr\/wp-content\/uploads\/2025\/11\/download-google-play-store-600x209.png 600w\" sizes=\"(max-width: 640px) 100vw, 640px\" \/>\t\t\t\t\t\t\t\t<\/a>\n\t\t\t\t\t\t\t\t\t\t\t\t\t\t\t<\/div>\n\t\t\t\t<div class=\"elementor-element elementor-element-04518ed elementor-widget elementor-widget-image\" data-id=\"04518ed\" data-element_type=\"widget\" data-widget_type=\"image.default\">\n\t\t\t\t\t\t\t\t\t\t\t\t\t\t\t\t<a href=\"https:\/\/apps.apple.com\/fr\/app\/afte-association-tr\u00e9soriers\/id6449973727\" target=\"_blank\">\n\t\t\t\t\t\t\t<img decoding=\"async\" width=\"640\" height=\"223\" src=\"https:\/\/nxtbookmedia.fr\/wp-content\/uploads\/2025\/11\/download-app-store-768x268.png\" class=\"attachment-medium_large size-medium_large wp-image-1083\" alt=\"\" srcset=\"https:\/\/nxtbookmedia.fr\/wp-content\/uploads\/2025\/11\/download-app-store-768x268.png 768w, https:\/\/nxtbookmedia.fr\/wp-content\/uploads\/2025\/11\/download-app-store-300x105.png 300w, https:\/\/nxtbookmedia.fr\/wp-content\/uploads\/2025\/11\/download-app-store-1024x357.png 1024w, https:\/\/nxtbookmedia.fr\/wp-content\/uploads\/2025\/11\/download-app-store-1536x536.png 1536w, https:\/\/nxtbookmedia.fr\/wp-content\/uploads\/2025\/11\/download-app-store-2048x714.png 2048w, https:\/\/nxtbookmedia.fr\/wp-content\/uploads\/2025\/11\/download-app-store-600x209.png 600w\" sizes=\"(max-width: 640px) 100vw, 640px\" \/>\t\t\t\t\t\t\t\t<\/a>\n\t\t\t\t\t\t\t\t\t\t\t\t\t\t\t<\/div>\n\t\t\t\t<\/div>\n\t\t\t\t<\/div>\n\t\t<div class=\"elementor-element elementor-element-168c08a8 e-con-full e-grid e-con e-child\" data-id=\"168c08a8\" data-element_type=\"container\">\n\t\t<div class=\"elementor-element elementor-element-14103b4e e-con-full e-flex e-con e-child\" data-id=\"14103b4e\" data-element_type=\"container\">\n\t\t\t\t<div class=\"elementor-element elementor-element-7cd7b791 elementor-invisible elementor-widget elementor-widget-heading\" data-id=\"7cd7b791\" data-element_type=\"widget\" data-settings=\"{&quot;_animation&quot;:&quot;fadeInUp&quot;}\" data-widget_type=\"heading.default\">\n\t\t\t\t\t<h5 class=\"elementor-heading-title elementor-size-default\">Client<\/h5>\t\t\t\t<\/div>\n\t\t\t\t<div class=\"elementor-element elementor-element-7df85bd8 elementor-invisible elementor-widget elementor-widget-text-editor\" data-id=\"7df85bd8\" data-element_type=\"widget\" data-settings=\"{&quot;_animation&quot;:&quot;fadeInUp&quot;}\" data-widget_type=\"text-editor.default\">\n\t\t\t\t\t\t\t\t\t<p>Association Fran\u00e7aise des Tr\u00e9soriers d&rsquo;Entreprise<\/p>\t\t\t\t\t\t\t\t<\/div>\n\t\t\t\t<\/div>\n\t\t<div class=\"elementor-element elementor-element-50e666cb e-con-full e-flex e-con e-child\" data-id=\"50e666cb\" data-element_type=\"container\">\n\t\t\t\t<div class=\"elementor-element elementor-element-45578edf elementor-invisible elementor-widget elementor-widget-heading\" data-id=\"45578edf\" data-element_type=\"widget\" data-settings=\"{&quot;_animation&quot;:&quot;fadeInUp&quot;}\" data-widget_type=\"heading.default\">\n\t\t\t\t\t<h5 class=\"elementor-heading-title elementor-size-default\">Date<\/h5>\t\t\t\t<\/div>\n\t\t\t\t<div class=\"elementor-element elementor-element-1043dbba elementor-invisible elementor-widget elementor-widget-text-editor\" data-id=\"1043dbba\" data-element_type=\"widget\" data-settings=\"{&quot;_animation&quot;:&quot;fadeInUp&quot;}\" data-widget_type=\"text-editor.default\">\n\t\t\t\t\t\t\t\t\t<p>Juin 2024<\/p>\t\t\t\t\t\t\t\t<\/div>\n\t\t\t\t<\/div>\n\t\t<div class=\"elementor-element elementor-element-3442f598 e-con-full e-flex e-con e-child\" data-id=\"3442f598\" data-element_type=\"container\">\n\t\t<div class=\"elementor-element elementor-element-65358934 e-con-full e-flex e-con e-child\" data-id=\"65358934\" data-element_type=\"container\">\n\t\t\t\t<div class=\"elementor-element elementor-element-459ab1eb elementor-invisible elementor-widget elementor-widget-heading\" data-id=\"459ab1eb\" data-element_type=\"widget\" data-settings=\"{&quot;_animation&quot;:&quot;fadeInUp&quot;}\" data-widget_type=\"heading.default\">\n\t\t\t\t\t<h5 class=\"elementor-heading-title elementor-size-default\">URL<\/h5>\t\t\t\t<\/div>\n\t\t\t\t<div class=\"elementor-element elementor-element-34e4fd0f elementor-invisible elementor-widget elementor-widget-text-editor\" data-id=\"34e4fd0f\" data-element_type=\"widget\" data-settings=\"{&quot;_animation&quot;:&quot;fadeInUp&quot;}\" data-widget_type=\"text-editor.default\">\n\t\t\t\t\t\t\t\t\t<p><a href=\"https:\/\/www.afte.com\/publication\/actualites\/lafte-lance-son-application-mobile\">https:\/\/www.afte.com\/publication\/actualites\/lafte-lance-son-application-mobile<\/a><\/p>\t\t\t\t\t\t\t\t<\/div>\n\t\t\t\t<\/div>\n\t\t\t\t<\/div>\n\t\t\t\t<\/div>\n\t\t\t\t\t<\/div>\n\t\t\t\t<\/div>\n\t\t\t\t\t<\/div>\n\t\t\t\t<\/div>\n\t\t<div class=\"elementor-element elementor-element-31e658a5 twbb_section e-flex e-con-boxed e-con e-parent\" data-id=\"31e658a5\" data-element_type=\"container\" data-settings=\"{&quot;shape_divider_top&quot;:&quot;opacity-fan&quot;}\">\n\t\t\t\t\t<div class=\"e-con-inner\">\n\t\t\t\t<div class=\"elementor-shape elementor-shape-top\" aria-hidden=\"true\" data-negative=\"false\">\n\t\t\t<svg xmlns=\"http:\/\/www.w3.org\/2000\/svg\" viewBox=\"0 0 283.5 19.6\" preserveAspectRatio=\"none\">\n\t<path class=\"elementor-shape-fill\" style=\"opacity:0.33\" d=\"M0 0L0 18.8 141.8 4.1 283.5 18.8 283.5 0z\"\/>\n\t<path class=\"elementor-shape-fill\" style=\"opacity:0.33\" d=\"M0 0L0 12.6 141.8 4 283.5 12.6 283.5 0z\"\/>\n\t<path class=\"elementor-shape-fill\" style=\"opacity:0.33\" d=\"M0 0L0 6.4 141.8 4 283.5 6.4 283.5 0z\"\/>\n\t<path class=\"elementor-shape-fill\" d=\"M0 0L0 1.2 141.8 4 283.5 1.2 283.5 0z\"\/>\n<\/svg>\t\t<\/div>\n\t\t\t\t<div class=\"elementor-element elementor-element-38bbd66d elementor-invisible elementor-widget elementor-widget-heading\" data-id=\"38bbd66d\" data-element_type=\"widget\" data-settings=\"{&quot;_animation&quot;:&quot;fadeInUp&quot;}\" data-widget_type=\"heading.default\">\n\t\t\t\t\t<h1 class=\"elementor-heading-title elementor-size-default\">Reviews In Urology<\/h1>\t\t\t\t<\/div>\n\t\t\t\t<div class=\"elementor-element elementor-element-55d2cb02 elementor-widget__width-initial elementor-widget-mobile__width-inherit elementor-widget-tablet__width-initial elementor-widget elementor-widget-image\" data-id=\"55d2cb02\" data-element_type=\"widget\" data-widget_type=\"image.default\">\n\t\t\t\t\t\t\t\t\t\t\t\t\t\t\t<img loading=\"lazy\" decoding=\"async\" width=\"2540\" height=\"2002\" src=\"https:\/\/nxtbookmedia.fr\/wp-content\/uploads\/2025\/11\/iphone-15-pro-RIU.jpg\" class=\"attachment-full size-full wp-image-1021\" alt=\"\" srcset=\"https:\/\/nxtbookmedia.fr\/wp-content\/uploads\/2025\/11\/iphone-15-pro-RIU.jpg 2540w, https:\/\/nxtbookmedia.fr\/wp-content\/uploads\/2025\/11\/iphone-15-pro-RIU-300x236.jpg 300w, https:\/\/nxtbookmedia.fr\/wp-content\/uploads\/2025\/11\/iphone-15-pro-RIU-1024x807.jpg 1024w, https:\/\/nxtbookmedia.fr\/wp-content\/uploads\/2025\/11\/iphone-15-pro-RIU-768x605.jpg 768w, https:\/\/nxtbookmedia.fr\/wp-content\/uploads\/2025\/11\/iphone-15-pro-RIU-1536x1211.jpg 1536w, https:\/\/nxtbookmedia.fr\/wp-content\/uploads\/2025\/11\/iphone-15-pro-RIU-2048x1614.jpg 2048w, https:\/\/nxtbookmedia.fr\/wp-content\/uploads\/2025\/11\/iphone-15-pro-RIU-600x473.jpg 600w\" sizes=\"(max-width: 2540px) 100vw, 2540px\" \/>\t\t\t\t\t\t\t\t\t\t\t\t\t\t\t<\/div>\n\t\t<div class=\"elementor-element elementor-element-686adaea e-flex e-con-boxed e-con e-child\" data-id=\"686adaea\" data-element_type=\"container\">\n\t\t\t\t\t<div class=\"e-con-inner\">\n\t\t<div class=\"elementor-element elementor-element-b91a20e e-con-full e-flex e-con e-child\" data-id=\"b91a20e\" data-element_type=\"container\">\n\t\t\t\t<div class=\"elementor-element elementor-element-55f465c8 elementor-invisible elementor-widget elementor-widget-text-editor\" data-id=\"55f465c8\" data-element_type=\"widget\" data-settings=\"{&quot;_animation&quot;:&quot;fadeInUp&quot;}\" data-widget_type=\"text-editor.default\">\n\t\t\t\t\t\t\t\t\t<p class=\"my-2 [&amp;+p]:mt-4 [&amp;_strong:has(+br)]:inline-block [&amp;_strong:has(+br)]:pb-2\">L&rsquo;application iOS \u00ab\u00a0Reviews In Urology\u00a0\u00bb de Specialty Networks, li\u00e9e \u00e0 la Large Urology Group Practice Association (LUGPA), est con\u00e7ue pour aider les urologues praticiens \u00e0 se tenir \u00e0 jour sur les derni\u00e8res avanc\u00e9es dans le diagnostic et le traitement des maladies urologiques. Elle propose des revues des nouveaut\u00e9s cliniques et scientifiques dans le domaine, ce qui en fait un outil utile pour les professionnels souhaitant rester inform\u00e9s dans un champ en \u00e9volution rapide.<\/p><p class=\"my-2 [&amp;+p]:mt-4 [&amp;_strong:has(+br)]:inline-block [&amp;_strong:has(+br)]:pb-2\">RIU Reviews in Urology is a mobile application available for iOS and Android, designed to provide healthcare professionals in urology with instant access to expert content, specialized resources, and updates from the urological community.<\/p><ul><li class=\"my-2 [&amp;+p]:mt-4 [&amp;_strong:has(+br)]:inline-block [&amp;_strong:has(+br)]:pb-2\">Latest issues of Reviews in Urology (<strong>PageRaft<\/strong> format)<\/li><li class=\"my-2 [&amp;+p]:mt-4 [&amp;_strong:has(+br)]:inline-block [&amp;_strong:has(+br)]:pb-2\">Expert resources and specialized documentation<br \/>Calendar of conferences, training sessions, and events<\/li><li class=\"my-2 [&amp;+p]:mt-4 [&amp;_strong:has(+br)]:inline-block [&amp;_strong:has(+br)]:pb-2\">Networking space &amp; real-time information<\/li><li class=\"my-2 [&amp;+p]:mt-4 [&amp;_strong:has(+br)]:inline-block [&amp;_strong:has(+br)]:pb-2\">Dedicated advertising area for B2B healthcare partners<\/li><\/ul>\t\t\t\t\t\t\t\t<\/div>\n\t\t<div class=\"elementor-element elementor-element-21239ad e-grid e-con-full e-con e-child\" data-id=\"21239ad\" data-element_type=\"container\">\n\t\t\t\t<div class=\"elementor-element elementor-element-d9c97e1 elementor-widget elementor-widget-image\" data-id=\"d9c97e1\" data-element_type=\"widget\" data-widget_type=\"image.default\">\n\t\t\t\t\t\t\t\t\t\t\t\t\t\t\t\t<a href=\"https:\/\/play.google.com\/store\/apps\/details?id=com.goodbarber.reviewsinurology\" target=\"_blank\">\n\t\t\t\t\t\t\t<img loading=\"lazy\" decoding=\"async\" width=\"640\" height=\"223\" src=\"https:\/\/nxtbookmedia.fr\/wp-content\/uploads\/2025\/11\/download-google-play-store-1024x357.png\" class=\"attachment-large size-large wp-image-1084\" alt=\"\" srcset=\"https:\/\/nxtbookmedia.fr\/wp-content\/uploads\/2025\/11\/download-google-play-store-1024x357.png 1024w, https:\/\/nxtbookmedia.fr\/wp-content\/uploads\/2025\/11\/download-google-play-store-300x105.png 300w, https:\/\/nxtbookmedia.fr\/wp-content\/uploads\/2025\/11\/download-google-play-store-768x268.png 768w, https:\/\/nxtbookmedia.fr\/wp-content\/uploads\/2025\/11\/download-google-play-store-1536x536.png 1536w, https:\/\/nxtbookmedia.fr\/wp-content\/uploads\/2025\/11\/download-google-play-store-2048x714.png 2048w, https:\/\/nxtbookmedia.fr\/wp-content\/uploads\/2025\/11\/download-google-play-store-600x209.png 600w\" sizes=\"(max-width: 640px) 100vw, 640px\" \/>\t\t\t\t\t\t\t\t<\/a>\n\t\t\t\t\t\t\t\t\t\t\t\t\t\t\t<\/div>\n\t\t\t\t<div class=\"elementor-element elementor-element-22b71fb elementor-widget elementor-widget-image\" data-id=\"22b71fb\" data-element_type=\"widget\" data-widget_type=\"image.default\">\n\t\t\t\t\t\t\t\t\t\t\t\t\t\t\t\t<a href=\"https:\/\/apps.apple.com\/lu\/app\/reviews-in-urology\/id6477861405\" target=\"_blank\">\n\t\t\t\t\t\t\t<img loading=\"lazy\" decoding=\"async\" width=\"640\" height=\"223\" src=\"https:\/\/nxtbookmedia.fr\/wp-content\/uploads\/2025\/11\/download-app-store-1024x357.png\" class=\"attachment-large size-large wp-image-1083\" alt=\"\" srcset=\"https:\/\/nxtbookmedia.fr\/wp-content\/uploads\/2025\/11\/download-app-store-1024x357.png 1024w, https:\/\/nxtbookmedia.fr\/wp-content\/uploads\/2025\/11\/download-app-store-300x105.png 300w, https:\/\/nxtbookmedia.fr\/wp-content\/uploads\/2025\/11\/download-app-store-768x268.png 768w, https:\/\/nxtbookmedia.fr\/wp-content\/uploads\/2025\/11\/download-app-store-1536x536.png 1536w, https:\/\/nxtbookmedia.fr\/wp-content\/uploads\/2025\/11\/download-app-store-2048x714.png 2048w, https:\/\/nxtbookmedia.fr\/wp-content\/uploads\/2025\/11\/download-app-store-600x209.png 600w\" sizes=\"(max-width: 640px) 100vw, 640px\" \/>\t\t\t\t\t\t\t\t<\/a>\n\t\t\t\t\t\t\t\t\t\t\t\t\t\t\t<\/div>\n\t\t\t\t<\/div>\n\t\t\t\t<\/div>\n\t\t<div class=\"elementor-element elementor-element-728bdddc e-con-full e-grid e-con e-child\" data-id=\"728bdddc\" data-element_type=\"container\">\n\t\t<div class=\"elementor-element elementor-element-69c19a33 e-con-full e-flex e-con e-child\" data-id=\"69c19a33\" data-element_type=\"container\">\n\t\t\t\t<div class=\"elementor-element elementor-element-d6ae309 elementor-invisible elementor-widget elementor-widget-heading\" data-id=\"d6ae309\" data-element_type=\"widget\" data-settings=\"{&quot;_animation&quot;:&quot;fadeInUp&quot;}\" data-widget_type=\"heading.default\">\n\t\t\t\t\t<h5 class=\"elementor-heading-title elementor-size-default\">Client<\/h5>\t\t\t\t<\/div>\n\t\t\t\t<div class=\"elementor-element elementor-element-432b31fe elementor-invisible elementor-widget elementor-widget-text-editor\" data-id=\"432b31fe\" data-element_type=\"widget\" data-settings=\"{&quot;_animation&quot;:&quot;fadeInUp&quot;}\" data-widget_type=\"text-editor.default\">\n\t\t\t\t\t\t\t\t\t<p>Reviews In Urology<\/p>\t\t\t\t\t\t\t\t<\/div>\n\t\t\t\t<\/div>\n\t\t<div class=\"elementor-element elementor-element-1e0cb800 e-con-full e-flex e-con e-child\" data-id=\"1e0cb800\" data-element_type=\"container\">\n\t\t\t\t<div class=\"elementor-element elementor-element-2a0803c6 elementor-invisible elementor-widget elementor-widget-heading\" data-id=\"2a0803c6\" data-element_type=\"widget\" data-settings=\"{&quot;_animation&quot;:&quot;fadeInUp&quot;}\" data-widget_type=\"heading.default\">\n\t\t\t\t\t<h5 class=\"elementor-heading-title elementor-size-default\">Date<\/h5>\t\t\t\t<\/div>\n\t\t\t\t<div class=\"elementor-element elementor-element-36dbebe elementor-invisible elementor-widget elementor-widget-text-editor\" data-id=\"36dbebe\" data-element_type=\"widget\" data-settings=\"{&quot;_animation&quot;:&quot;fadeInUp&quot;}\" data-widget_type=\"text-editor.default\">\n\t\t\t\t\t\t\t\t\t<p>March 2024<\/p>\t\t\t\t\t\t\t\t<\/div>\n\t\t\t\t<\/div>\n\t\t<div class=\"elementor-element elementor-element-a19371c e-con-full e-flex e-con e-child\" data-id=\"a19371c\" data-element_type=\"container\">\n\t\t\t\t<div class=\"elementor-element elementor-element-2697b8d1 elementor-invisible elementor-widget elementor-widget-heading\" data-id=\"2697b8d1\" data-element_type=\"widget\" data-settings=\"{&quot;_animation&quot;:&quot;fadeInUp&quot;}\" data-widget_type=\"heading.default\">\n\t\t\t\t\t<h5 class=\"elementor-heading-title elementor-size-default\">URL<\/h5>\t\t\t\t<\/div>\n\t\t\t\t<div class=\"elementor-element elementor-element-a87f074 elementor-invisible elementor-widget elementor-widget-text-editor\" data-id=\"a87f074\" data-element_type=\"widget\" data-settings=\"{&quot;_animation&quot;:&quot;fadeInUp&quot;}\" data-widget_type=\"text-editor.default\">\n\t\t\t\t\t\t\t\t\t<p><a href=\"https:\/\/www.lugpa.org\/reviews-in-urology\">https:\/\/www.lugpa.org\/reviews-in-urology<\/a><\/p>\t\t\t\t\t\t\t\t<\/div>\n\t\t\t\t<\/div>\n\t\t<div class=\"elementor-element elementor-element-41d82034 e-con-full e-flex e-con e-child\" data-id=\"41d82034\" data-element_type=\"container\">\n\t\t\t\t<\/div>\n\t\t\t\t<\/div>\n\t\t\t\t\t<\/div>\n\t\t\t\t<\/div>\n\t\t\t\t\t<\/div>\n\t\t\t\t<\/div>\n\t\t\t\t<\/div>\n\t\t","protected":false},"excerpt":{"rendered":"<p>pour iOS et Android En lien avec nos solutions de mise en ligne de publications (magazines, catalogues, brochures), nous cr\u00e9ons des applications iOS &amp; Android permettant de mieux diffuser vos contenus, en int\u00e9grant les publications directement dans une rubrique des applications propos\u00e9es. En savoir plus Commencer Application AFTE Application mobile iOS &amp; Android lanc\u00e9e par [&hellip;]<\/p>\n","protected":false},"author":0,"featured_media":0,"parent":0,"menu_order":0,"comment_status":"closed","ping_status":"publish","template":"","meta":{"two_page_speed":[],"footnotes":""},"class_list":["post-167","page","type-page","status-publish","hentry"],"_links":{"self":[{"href":"https:\/\/nxtbookmedia.fr\/de\/wp-json\/wp\/v2\/pages\/167","targetHints":{"allow":["GET"]}}],"collection":[{"href":"https:\/\/nxtbookmedia.fr\/de\/wp-json\/wp\/v2\/pages"}],"about":[{"href":"https:\/\/nxtbookmedia.fr\/de\/wp-json\/wp\/v2\/types\/page"}],"replies":[{"embeddable":true,"href":"https:\/\/nxtbookmedia.fr\/de\/wp-json\/wp\/v2\/comments?post=167"}],"version-history":[{"count":12,"href":"https:\/\/nxtbookmedia.fr\/de\/wp-json\/wp\/v2\/pages\/167\/revisions"}],"predecessor-version":[{"id":1623,"href":"https:\/\/nxtbookmedia.fr\/de\/wp-json\/wp\/v2\/pages\/167\/revisions\/1623"}],"wp:attachment":[{"href":"https:\/\/nxtbookmedia.fr\/de\/wp-json\/wp\/v2\/media?parent=167"}],"curies":[{"name":"wp","href":"https:\/\/api.w.org\/{rel}","templated":true}]}}