{"id":164,"date":"2025-08-28T10:44:49","date_gmt":"2025-08-28T10:44:49","guid":{"rendered":"https:\/\/nxtbookmedia.fr\/politique-de-confidentialite\/"},"modified":"2026-03-27T17:08:08","modified_gmt":"2026-03-27T17:08:08","slug":"politique-de-confidentialite","status":"publish","type":"page","link":"https:\/\/nxtbookmedia.fr\/de\/politique-de-confidentialite\/","title":{"rendered":"Datenschutzerkl\u00e4rung"},"content":{"rendered":"<div data-elementor-type=\"wp-page\" data-elementor-id=\"164\" class=\"elementor elementor-164\">\n\t\t\t\t<div class=\"elementor-element elementor-element-lii68hkb twbb_section e-flex e-con-boxed e-con e-parent\" data-id=\"lii68hkb\" data-element_type=\"container\">\n\t\t\t\t\t<div class=\"e-con-inner\">\n\t\t\t\t<div class=\"elementor-element elementor-element-lff2envf elementor-widget__width-initial elementor-widget-mobile__width-inherit elementor-widget-tablet__width-initial elementor-invisible elementor-widget elementor-widget-heading\" data-id=\"lff2envf\" data-element_type=\"widget\" data-settings=\"{&quot;_animation&quot;:&quot;fadeInUp&quot;}\" data-widget_type=\"heading.default\">\n\t\t\t\t\t<h1 class=\"elementor-heading-title elementor-size-default\">Datenschutzerkl\u00e4rung<\/h1>\t\t\t\t<\/div>\n\t\t\t\t\t<\/div>\n\t\t\t\t<\/div>\n\t\t<div class=\"elementor-element elementor-element-wtsu5sc4 twbb_section e-flex e-con-boxed e-con e-parent\" data-id=\"wtsu5sc4\" data-element_type=\"container\">\n\t\t\t\t\t<div class=\"e-con-inner\">\n\t\t\t\t<div class=\"elementor-element elementor-element-zb35s2b8 elementor-widget__width-initial elementor-widget-mobile__width-inherit elementor-widget-tablet__width-initial elementor-invisible elementor-widget elementor-widget-text-editor\" data-id=\"zb35s2b8\" data-element_type=\"widget\" data-settings=\"{&quot;_animation&quot;:&quot;fadeInUp&quot;}\" data-widget_type=\"text-editor.default\">\n\t\t\t\t\t\t\t\t\t<p><b>Datenschutzerkl\u00e4rung von Nxtbook Media<\/b><\/p><p>Diese Datenschutzerkl\u00e4rung beschreibt, wie Nxtbook Media Ihre Informationen erhebt, verwendet und sch\u00fctzt, wenn Sie unsere Dienstleistungen nutzen.<\/p><p><b>1. Welche Informationen wir erfassen<\/b><\/p><p>Wir k\u00f6nnen personenbezogene Daten wie Ihren Namen, Ihre E-Mail-Adresse und Ihre Kontaktdaten erfassen, wenn Sie uns kontaktieren, eine Projektanfrage stellen oder unsere Dienstleistungen nutzen. Dar\u00fcber hinaus erfassen wir Informationen \u00fcber Ihre Interaktionen mit unserer Website, etwa besuchte Seiten oder genutzte Funktionen.<\/p><p><b>2. Verwendung der Informationen<\/b><\/p><p>Wir verwenden die erhobenen Informationen, um Ihnen unsere Dienstleistungen bereitzustellen, auf Ihre Anfragen zu antworten und unsere Website sowie unsere Services zu verbessern. Mit Ihrer Zustimmung k\u00f6nnen wir Ihre Daten au\u00dferdem nutzen, um Ihnen wichtige Aktualisierungen oder Werbematerial zuzusenden.<\/p><p><b>3. Sicherheit<\/b><\/p><p>Wir setzen angemessene Sicherheitsma\u00dfnahmen ein, um Ihre personenbezogenen Daten vor unbefugtem Zugriff, unbefugter Nutzung oder Offenlegung zu sch\u00fctzen.<\/p><p><b>4. Weitergabe von Informationen<\/b><\/p><p>Wir geben Ihre personenbezogenen Daten nicht an Dritte weiter, es sei denn, dies ist erforderlich, um Ihnen unsere Dienstleistungen bereitzustellen, oder gesetzlich vorgeschrieben.<\/p><p><b>5. Ihre Rechte<\/b><\/p><p>Wir geben Ihre personenbezogenen Daten nicht an Dritte weiter, es sei denn, dies ist erforderlich, um Ihnen unsere Dienstleistungen bereitzustellen, oder gesetzlich vorgeschrieben. <a href=\"mailto:info@nxtbookmedia.fr\">info@nxtbookmedia.fr<\/a>\u00a0pour exercer ces droits.<\/p><p><b>6. Cookies<\/b><\/p><p>Unsere Website verwendet Cookies, um Ihre Nutzererfahrung zu verbessern. Sie k\u00f6nnen die Einstellungen Ihres Browsers anpassen, um Cookies zu verwalten.<\/p><p><b>7. Datenschutz von Kindern<\/b><\/p><p>Unsere Dienstleistungen richten sich nicht an Kinder. Wir erfassen wissentlich keine personenbezogenen Daten von Kindern.<\/p><p><b>8. Kontakt<\/b><\/p><p>Wenn Sie Fragen oder Bedenken zu dieser Datenschutzerkl\u00e4rung haben, kontaktieren Sie uns bitte unter <a href=\"mailto:info@nxtbookmedia.fr\">info@nxtbookmedia.fr<\/a>.<\/p>\t\t\t\t\t\t\t\t<\/div>\n\t\t\t\t\t<\/div>\n\t\t\t\t<\/div>\n\t\t\t\t<\/div>","protected":false},"excerpt":{"rendered":"<p>Politique de confidentialit\u00e9 Politique de confidentialit\u00e9 de Nxtbook Media Cette politique de confidentialit\u00e9 d\u00e9crit comment Nxtbook Media collecte, utilise et prot\u00e8ge vos informations lorsque vous utilisez nos services. 1. Informations que nous collectons Nous pouvons collecter des informations personnelles, telles que votre nom, votre adresse e-mail et vos coordonn\u00e9es, lorsque vous nous contactez, soumettez une [&hellip;]<\/p>\n","protected":false},"author":0,"featured_media":0,"parent":0,"menu_order":0,"comment_status":"closed","ping_status":"publish","template":"","meta":{"two_page_speed":[],"footnotes":""},"class_list":["post-164","page","type-page","status-publish","hentry"],"_links":{"self":[{"href":"https:\/\/nxtbookmedia.fr\/de\/wp-json\/wp\/v2\/pages\/164","targetHints":{"allow":["GET"]}}],"collection":[{"href":"https:\/\/nxtbookmedia.fr\/de\/wp-json\/wp\/v2\/pages"}],"about":[{"href":"https:\/\/nxtbookmedia.fr\/de\/wp-json\/wp\/v2\/types\/page"}],"replies":[{"embeddable":true,"href":"https:\/\/nxtbookmedia.fr\/de\/wp-json\/wp\/v2\/comments?post=164"}],"version-history":[{"count":6,"href":"https:\/\/nxtbookmedia.fr\/de\/wp-json\/wp\/v2\/pages\/164\/revisions"}],"predecessor-version":[{"id":1608,"href":"https:\/\/nxtbookmedia.fr\/de\/wp-json\/wp\/v2\/pages\/164\/revisions\/1608"}],"wp:attachment":[{"href":"https:\/\/nxtbookmedia.fr\/de\/wp-json\/wp\/v2\/media?parent=164"}],"curies":[{"name":"wp","href":"https:\/\/api.w.org\/{rel}","templated":true}]}}