{"id":163,"date":"2025-08-28T10:44:49","date_gmt":"2025-08-28T10:44:49","guid":{"rendered":"https:\/\/nxtbookmedia.fr\/conditions-generales-dutilisation\/"},"modified":"2026-03-27T16:58:58","modified_gmt":"2026-03-27T16:58:58","slug":"conditions-generales-dutilisation","status":"publish","type":"page","link":"https:\/\/nxtbookmedia.fr\/de\/conditions-generales-dutilisation\/","title":{"rendered":"Conditions g\u00e9n\u00e9rales d&rsquo;utilisation"},"content":{"rendered":"<div data-elementor-type=\"wp-page\" data-elementor-id=\"163\" class=\"elementor elementor-163\">\n\t\t\t\t<div class=\"elementor-element elementor-element-qrvh31uq twbb_section e-flex e-con-boxed e-con e-parent\" data-id=\"qrvh31uq\" data-element_type=\"container\">\n\t\t\t\t\t<div class=\"e-con-inner\">\n\t\t\t\t<div class=\"elementor-element elementor-element-j76mmo10 elementor-widget__width-initial elementor-widget-mobile__width-inherit elementor-widget-tablet__width-initial elementor-invisible elementor-widget elementor-widget-heading\" data-id=\"j76mmo10\" data-element_type=\"widget\" data-settings=\"{&quot;_animation&quot;:&quot;fadeInUp&quot;}\" data-widget_type=\"heading.default\">\n\t\t\t\t\t<h1 class=\"elementor-heading-title elementor-size-default\">Allgemeine Nutzungsbedingungen<\/h1>\t\t\t\t<\/div>\n\t\t\t\t\t<\/div>\n\t\t\t\t<\/div>\n\t\t<div class=\"elementor-element elementor-element-fzpdhj7l twbb_section e-flex e-con-boxed e-con e-parent\" data-id=\"fzpdhj7l\" data-element_type=\"container\">\n\t\t\t\t\t<div class=\"e-con-inner\">\n\t\t\t\t<div class=\"elementor-element elementor-element-sja5tdhi elementor-widget__width-initial elementor-widget-mobile__width-inherit elementor-widget-tablet__width-initial elementor-invisible elementor-widget elementor-widget-text-editor\" data-id=\"sja5tdhi\" data-element_type=\"widget\" data-settings=\"{&quot;_animation&quot;:&quot;fadeInUp&quot;}\" data-widget_type=\"text-editor.default\">\n\t\t\t\t\t\t\t\t\t<p><b>Allgemeine Nutzungsbedingungen f\u00fcr die Dienstleistungen von Nxtbook Media<\/b><\/p><p>Willkommen bei Nxtbook Media. Diese Allgemeinen Nutzungsbedingungen regeln die Nutzung unserer Dienstleistungen. Indem Sie auf unsere Website oder unsere Services ganz oder teilweise zugreifen bzw. diese nutzen, erkl\u00e4ren Sie sich mit diesen Bedingungen einverstanden.<\/p><p><b>1. Annahme der Bedingungen<\/b><\/p><p>Durch die Nutzung unserer Dienstleistungen best\u00e4tigen Sie, dass Sie diese Allgemeinen Nutzungsbedingungen gelesen und verstanden haben und ihnen zustimmen. Wenn Sie diese Bedingungen nicht akzeptieren, nutzen Sie unsere Dienstleistungen bitte nicht.<\/p><p><b>2. Erbrachte Dienstleistungen<\/b><\/p><p>Nxtbook Media bietet Dienstleistungen zur Umwandlung von PDF-Dokumenten in interaktive digitale Publikationen im HTML5-Format an. Unsere Leistungen umfassen Konzeption, Beratung und Produktion. Die spezifischen Details jeder Dienstleistung sind in unseren Servicevertr\u00e4gen beschrieben.<\/p><p><b>3. Geistiges Eigentum<\/b><\/p><p>S\u00e4mtliche Rechte am geistigen Eigentum, einschlie\u00dflich Urheberrechte und Markenrechte, an den konvertierten digitalen Publikationen bleiben Eigentum des Kunden, sofern in einer gesonderten Vereinbarung nichts anderes festgelegt ist.<\/p><p><b>4. Zahlungsbedingungen<\/b><\/p><p>Die Zahlungsbedingungen sind f\u00fcr jedes Projekt im jeweiligen Servicevertrag festgelegt. Bitte kontaktieren Sie uns f\u00fcr weitere Informationen.<\/p><p><b>5. Haftungsbeschr\u00e4nkung<\/b><\/p><p>Nxtbook Media haftet nicht f\u00fcr indirekte, beil\u00e4ufig entstandene, Folgesch\u00e4den oder besondere Sch\u00e4den, die sich aus der Nutzung unserer Dienstleistungen ergeben.<\/p><p><b>6. Anwendbares Recht<\/b><\/p><p>Diese Allgemeinen Nutzungsbedingungen unterliegen franz\u00f6sischem Recht und sind nach diesem auszulegen.<\/p><p><b>7. \u00c4nderungen der Bedingungen<\/b><\/p><p>Nxtbook Media beh\u00e4lt sich das Recht vor, diese Allgemeinen Nutzungsbedingungen jederzeit zu \u00e4ndern. Aktualisierte Bedingungen werden auf dieser Seite ver\u00f6ffentlicht.<\/p><p><b>8. Kontakt<\/b><\/p><p>Wenn Sie Fragen oder Anliegen zu diesen Allgemeinen Nutzungsbedingungen haben, kontaktieren Sie uns bitte unter <a href=\"mailto:info@nxtbookmedia.fr\">info@nxtbookmedia.fr<\/a>.<\/p><p><b>9. Bildnachweise und Quellen<\/b><\/p><ul><li><a href=\"https:\/\/stockcake.com\/i\/smartphone-in-hand_80001_7662\">Stockcake<\/a><\/li><li><a href=\"https:\/\/www.vecteezy.com\/free-png\/google\"><span class=\"s1\">Google PNGs by Vecteezy<\/span><\/a><\/li><li><a href=\"https:\/\/www.vecteezy.com\/free-png\/app-store\"><span class=\"s1\">App Store PNGs by Vecteezy<\/span><\/a><\/li><li><a href=\"http:\/\/www.freepik.com\">Vectorjuice \/ Freepik<\/a><\/li><li><a href=\"https:\/\/goo.gl\/ut5vsr\">GraphicGata<\/a><\/li><li><a href=\"http:\/\/www.pixeden.com\">PIXEDEN<\/a><\/li><li><a href=\"http:\/\/mockups-design.com\">mockups-design.com<\/a><\/li><\/ul>\t\t\t\t\t\t\t\t<\/div>\n\t\t\t\t\t<\/div>\n\t\t\t\t<\/div>\n\t\t<div class=\"elementor-element elementor-element-58d627d e-flex e-con-boxed e-con e-parent\" data-id=\"58d627d\" data-element_type=\"container\">\n\t\t\t\t\t<div class=\"e-con-inner\">\n\t\t\t\t<div class=\"elementor-element elementor-element-d1394d7 elementor-widget-divider--view-line elementor-widget elementor-widget-divider\" data-id=\"d1394d7\" data-element_type=\"widget\" data-widget_type=\"divider.default\">\n\t\t\t\t\t\t\t<div class=\"elementor-divider\">\n\t\t\t<span class=\"elementor-divider-separator\">\n\t\t\t\t\t\t<\/span>\n\t\t<\/div>\n\t\t\t\t\t\t<\/div>\n\t\t\t\t\t<\/div>\n\t\t\t\t<\/div>\n\t\t\t\t<\/div>","protected":false},"excerpt":{"rendered":"<p>Conditions g\u00e9n\u00e9rales d&rsquo;utilisation Conditions g\u00e9n\u00e9rales d&rsquo;utilisation des services Nxtbook Media Bienvenue chez Nxtbook Media. Les pr\u00e9sentes conditions g\u00e9n\u00e9rales r\u00e9gissent votre utilisation de nos services. En acc\u00e9dant \u00e0 ou en utilisant une partie de notre site web ou de nos services, vous acceptez d&rsquo;\u00eatre li\u00e9 par ces conditions. 1. Acceptation des conditions En utilisant nos services, [&hellip;]<\/p>\n","protected":false},"author":0,"featured_media":0,"parent":0,"menu_order":0,"comment_status":"closed","ping_status":"publish","template":"","meta":{"two_page_speed":[],"footnotes":""},"class_list":["post-163","page","type-page","status-publish","hentry"],"_links":{"self":[{"href":"https:\/\/nxtbookmedia.fr\/de\/wp-json\/wp\/v2\/pages\/163","targetHints":{"allow":["GET"]}}],"collection":[{"href":"https:\/\/nxtbookmedia.fr\/de\/wp-json\/wp\/v2\/pages"}],"about":[{"href":"https:\/\/nxtbookmedia.fr\/de\/wp-json\/wp\/v2\/types\/page"}],"replies":[{"embeddable":true,"href":"https:\/\/nxtbookmedia.fr\/de\/wp-json\/wp\/v2\/comments?post=163"}],"version-history":[{"count":6,"href":"https:\/\/nxtbookmedia.fr\/de\/wp-json\/wp\/v2\/pages\/163\/revisions"}],"predecessor-version":[{"id":1602,"href":"https:\/\/nxtbookmedia.fr\/de\/wp-json\/wp\/v2\/pages\/163\/revisions\/1602"}],"wp:attachment":[{"href":"https:\/\/nxtbookmedia.fr\/de\/wp-json\/wp\/v2\/media?parent=163"}],"curies":[{"name":"wp","href":"https:\/\/api.w.org\/{rel}","templated":true}]}}