{"id":160,"date":"2025-08-28T10:44:49","date_gmt":"2025-08-28T10:44:49","guid":{"rendered":"https:\/\/nxtbookmedia.fr\/services\/"},"modified":"2026-03-11T19:03:52","modified_gmt":"2026-03-11T19:03:52","slug":"services","status":"publish","type":"page","link":"https:\/\/nxtbookmedia.fr\/de\/services\/","title":{"rendered":"Leistungen"},"content":{"rendered":"<div data-elementor-type=\"wp-page\" data-elementor-id=\"160\" class=\"elementor elementor-160\">\n\t\t\t\t<div class=\"elementor-element elementor-element-2f8759c e-flex e-con-boxed e-con e-parent\" data-id=\"2f8759c\" data-element_type=\"container\">\n\t\t\t\t\t<div class=\"e-con-inner\">\n\t\t\t\t\t<\/div>\n\t\t\t\t<\/div>\n\t\t<div class=\"elementor-element elementor-element-cxzfgywa twbb_section e-flex e-con-boxed e-con e-parent\" data-id=\"cxzfgywa\" data-element_type=\"container\" id=\"our-digital-publishing-services\">\n\t\t\t\t\t<div class=\"e-con-inner\">\n\t\t<div class=\"elementor-element elementor-element-w7a9n289 e-con-full e-flex e-con e-child\" data-id=\"w7a9n289\" data-element_type=\"container\">\n\t\t\t\t<div class=\"elementor-element elementor-element-31k7pktu elementor-widget__width-initial elementor-widget-mobile__width-inherit elementor-widget-tablet__width-initial twbb-headline--style-highlight elementor-widget elementor-widget-twbbanimated-headline\" data-id=\"31k7pktu\" data-element_type=\"widget\" data-settings=\"{&quot;highlighted_text&quot;:&quot; publications num\\u00e9riques&quot;,&quot;marker&quot;:&quot;underline_zigzag&quot;,&quot;headline_style&quot;:&quot;highlight&quot;}\" data-widget_type=\"twbbanimated-headline.default\">\n\t\t\t\t<div class=\"elementor-widget-container\">\n\t\t\t\t\t    <h2 class=\"twbb-headline\">\n          <span class=\"twbb-headline-plain-text twbb-headline-text-wrapper\">Entdecken Sie unsere umfassenden Leistungen f\u00fcr Ihre<\/span>\n        <span class=\"twbb-headline-dynamic-wrapper twbb-headline-text-wrapper\"><\/span>\n        <\/h2>\n    \t\t\t\t<\/div>\n\t\t\t\t<\/div>\n\t\t\t\t<div class=\"elementor-element elementor-element-2btpzw47 elementor-widget__width-initial elementor-widget-mobile__width-inherit elementor-widget-tablet__width-initial elementor-invisible elementor-widget elementor-widget-text-editor\" data-id=\"2btpzw47\" data-element_type=\"widget\" data-settings=\"{&quot;_animation&quot;:&quot;fadeInUp&quot;}\" data-widget_type=\"text-editor.default\">\n\t\t\t\t\t\t\t\t\t<p class=\"translation-block\">Nxtbook Media bietet Ihnen ein umfassendes Leistungsspektrum im digitalen Publishing, mit dem Sie Ihre PDFs mithilfe zweier leistungsstarker CMS in professionelle Web-Publikationen verwandeln.<\/p>\t\t\t\t\t\t\t\t<\/div>\n\t\t\t\t<\/div>\n\t\t<div class=\"elementor-element elementor-element-x7zecuj1 e-con-full e-flex e-con e-child\" data-id=\"x7zecuj1\" data-element_type=\"container\">\n\t\t\t\t<div class=\"elementor-element elementor-element-78tmo9tv elementor-widget__width-initial elementor-widget-mobile__width-inherit elementor-widget-tablet__width-initial twbb_cta-button-wrapper-left twbb_cta-valign-align-space_between twbb_cta-position-image-top twbb_cta-tablet-position-image-top twbb_cta-mobile-position-image-top twbb_cta-button-wrapper-left twbb_cta-button-wrapper-center twbb_cta-position-button-bottom twbb_cta-tablet-position-button-bottom twbb_cta-mobile-position-button-bottom elementor-invisible elementor-widget elementor-widget-twbb_call-to-action\" data-id=\"78tmo9tv\" data-element_type=\"widget\" data-settings=\"{&quot;_animation&quot;:&quot;fadeInUp&quot;}\" data-widget_type=\"twbb_call-to-action.default\">\n\t\t\t\t<div class=\"elementor-widget-container\">\n\t\t\t\t\t    <div  class=\"twbb_cta-wrapper\">\n                  <div class=\"twbb_cta-image-background-wrapper\">\n          <span class=\"twbb_cta-image-background-overlay\"><\/span>\n                            <div class=\"twbb_cta-image-html-tag\">\n                                            <img decoding=\"async\" src=\"https:\/\/nxtbookmedia.fr\/wp-content\/uploads\/2025\/08\/tenweb_media_srnhe1jad.webp\" alt=\"A professional converting a PDF document into HTML5 format on a computer, showcasing the transformation process.\" >\n                                    <\/div>\n                    <\/div>\n        <div class=\"twbb_cta-content-wrapper\">\n    <div class=\"twbb_cta-content-inner\">\n                <h5 class=\"twbb_cta-title\">Produktion<\/h5>\n                    <div class=\"twbb_cta-description\">Verwandeln Sie Ihre statischen PDFs in dynamische und interaktive HTML-Publikationen.<br>\nNxtbook Media bietet Ihnen zwei Formen der Zusammenarbeit.<br>\n<b>Leistungsmodell:<\/b> Wir \u00fcbernehmen die Erstellung Ihrer Publikationen.<br>\n<b>Lizenzmodell:<\/b> Sie arbeiten vollkommen autonom im SaaS-Modus.<\/div>\n              <\/div>\n    <div class=\"twbb_cta-button-wrapper\">\n        <div class=\"twbb_cta-buttons\">\n                    <div class=\"twbb_cta-button-item twbb_cta-button-item__two twbb_cta-button-enable-yes\">\n          <a href=\"mailto:info@nxtbookmedia.fr\" class=\"elementor-button twbb_cta-button elementor-size- twbb_cta-button__two\"            >Mehr erfahren            <\/a>\n        <\/div>\n                  <\/div>\n    <\/div>\n  <\/div>\n        <\/div>\n\t\t\t\t<\/div>\n\t\t\t\t<\/div>\n\t\t\t\t<div class=\"elementor-element elementor-element-ttw8f31h elementor-widget__width-initial elementor-widget-mobile__width-inherit elementor-widget-tablet__width-initial twbb_cta-button-wrapper-left twbb_cta-valign-align-space_between twbb_cta-position-image-top twbb_cta-tablet-position-image-top twbb_cta-mobile-position-image-top twbb_cta-button-wrapper-left twbb_cta-button-wrapper-center twbb_cta-position-button-bottom twbb_cta-tablet-position-button-bottom twbb_cta-mobile-position-button-bottom elementor-invisible elementor-widget elementor-widget-twbb_call-to-action\" data-id=\"ttw8f31h\" data-element_type=\"widget\" data-settings=\"{&quot;_animation&quot;:&quot;fadeInUp&quot;}\" data-widget_type=\"twbb_call-to-action.default\">\n\t\t\t\t<div class=\"elementor-widget-container\">\n\t\t\t\t\t    <div  class=\"twbb_cta-wrapper\">\n                  <div class=\"twbb_cta-image-background-wrapper\">\n          <span class=\"twbb_cta-image-background-overlay\"><\/span>\n                            <div class=\"twbb_cta-image-html-tag\">\n                                            <img decoding=\"async\" src=\"https:\/\/nxtbookmedia.fr\/wp-content\/uploads\/2025\/08\/tenweb_media_sebwvekao.webp\" alt=\"A designer working on a digital publication layout, customizing the look and feel to match the client&#039;s brand.\" >\n                                    <\/div>\n                    <\/div>\n        <div class=\"twbb_cta-content-wrapper\">\n    <div class=\"twbb_cta-content-inner\">\n                <h5 class=\"twbb_cta-title\">Beratung<\/h5>\n                    <div class=\"twbb_cta-description\">Unser Kreativteam bietet ma\u00dfgeschneiderte Leistungen, um das Design Ihrer digitalen Publikationen individuell zu gestalten. Stimmen Sie Ihre Inhalte auf Ihre Markenidentit\u00e4t ab und erg\u00e4nzen Sie sie um interaktive Elemente und hochwertige visuelle Effekte.<br>\nSie wissen nicht, wie Sie starten sollen? Wir h\u00f6ren Ihnen zu und begleiten Sie bei der erfolgreichen Umsetzung Ihrer Projekte.<\/div>\n              <\/div>\n    <div class=\"twbb_cta-button-wrapper\">\n        <div class=\"twbb_cta-buttons\">\n                    <div class=\"twbb_cta-button-item twbb_cta-button-item__two twbb_cta-button-enable-yes\">\n          <a href=\"mailto:info@nxtbookmedia.fr\" class=\"elementor-button twbb_cta-button elementor-size- twbb_cta-button__two\"            >Mehr erfahren            <\/a>\n        <\/div>\n                  <\/div>\n    <\/div>\n  <\/div>\n        <\/div>\n\t\t\t\t<\/div>\n\t\t\t\t<\/div>\n\t\t\t\t<div class=\"elementor-element elementor-element-oh6ma5dj elementor-widget__width-initial elementor-widget-mobile__width-inherit elementor-widget-tablet__width-initial twbb_cta-button-wrapper-left twbb_cta-valign-align-space_between twbb_cta-position-image-top twbb_cta-tablet-position-image-top twbb_cta-mobile-position-image-top twbb_cta-button-wrapper-left twbb_cta-button-wrapper-center twbb_cta-position-button-bottom twbb_cta-tablet-position-button-bottom twbb_cta-mobile-position-button-bottom elementor-invisible elementor-widget elementor-widget-twbb_call-to-action\" data-id=\"oh6ma5dj\" data-element_type=\"widget\" data-settings=\"{&quot;_animation&quot;:&quot;fadeInUp&quot;}\" data-widget_type=\"twbb_call-to-action.default\">\n\t\t\t\t<div class=\"elementor-widget-container\">\n\t\t\t\t\t    <div  class=\"twbb_cta-wrapper\">\n                  <div class=\"twbb_cta-image-background-wrapper\">\n          <span class=\"twbb_cta-image-background-overlay\"><\/span>\n                            <div class=\"twbb_cta-image-html-tag\">\n                                            <img decoding=\"async\" src=\"https:\/\/nxtbookmedia.fr\/wp-content\/uploads\/2025\/08\/tenweb_media_syp2nrrcg.webp\" alt=\"A consultant advising a client on their digital publishing strategy, discussing the best approach for their content.\" >\n                                    <\/div>\n                    <\/div>\n        <div class=\"twbb_cta-content-wrapper\">\n    <div class=\"twbb_cta-content-inner\">\n                <h5 class=\"twbb_cta-title\">Spezifische Entwicklungen<\/h5>\n                    <div class=\"twbb_cta-description\">Profitieren Sie von unseren Beratungsleistungen, um Ihre digitale Publishing-Strategie gezielt zu optimieren.<br>Enth\u00e4lt Ihr Projekt spezifische Anforderungen oder besondere Funktionen? Wir unterst\u00fctzen Sie bei der Ausarbeitung des Lastenhefts und setzen die technische Entwicklung professionell um.<br><br><br><\/div>\n              <\/div>\n    <div class=\"twbb_cta-button-wrapper\">\n        <div class=\"twbb_cta-buttons\">\n                    <div class=\"twbb_cta-button-item twbb_cta-button-item__two twbb_cta-button-enable-yes\">\n          <a href=\"mailto:info@nxtbookmedia.fr\" class=\"elementor-button twbb_cta-button elementor-size- twbb_cta-button__two\"            >Mehr erfahren            <\/a>\n        <\/div>\n                  <\/div>\n    <\/div>\n  <\/div>\n        <\/div>\n\t\t\t\t<\/div>\n\t\t\t\t<\/div>\n\t\t\t\t<\/div>\n\t\t\t\t\t<\/div>\n\t\t\t\t<\/div>\n\t\t<div class=\"elementor-element elementor-element-d31cbb6 e-flex e-con-boxed e-con e-parent\" data-id=\"d31cbb6\" data-element_type=\"container\" data-settings=\"{&quot;shape_divider_top&quot;:&quot;opacity-fan&quot;}\">\n\t\t\t\t\t<div class=\"e-con-inner\">\n\t\t\t\t<div class=\"elementor-shape elementor-shape-top\" aria-hidden=\"true\" data-negative=\"false\">\n\t\t\t<svg xmlns=\"http:\/\/www.w3.org\/2000\/svg\" viewbox=\"0 0 283.5 19.6\" preserveaspectratio=\"none\">\n\t<path class=\"elementor-shape-fill\" style=\"opacity:0.33\" d=\"M0 0L0 18.8 141.8 4.1 283.5 18.8 283.5 0z\"\/>\n\t<path class=\"elementor-shape-fill\" style=\"opacity:0.33\" d=\"M0 0L0 12.6 141.8 4 283.5 12.6 283.5 0z\"\/>\n\t<path class=\"elementor-shape-fill\" style=\"opacity:0.33\" d=\"M0 0L0 6.4 141.8 4 283.5 6.4 283.5 0z\"\/>\n\t<path class=\"elementor-shape-fill\" d=\"M0 0L0 1.2 141.8 4 283.5 1.2 283.5 0z\"\/>\n<\/svg>\t\t<\/div>\n\t\t<div class=\"elementor-element elementor-element-08b3888 e-con-full e-flex e-con e-child\" data-id=\"08b3888\" data-element_type=\"container\">\n\t\t<div class=\"elementor-element elementor-element-4c82544c e-con-full e-flex e-con e-child\" data-id=\"4c82544c\" data-element_type=\"container\">\n\t\t\t\t<div class=\"elementor-element elementor-element-789c78e6 elementor-widget__width-initial elementor-widget-mobile__width-inherit elementor-widget-tablet__width-initial twbb-headline--style-highlight elementor-widget elementor-widget-twbbanimated-headline\" data-id=\"789c78e6\" data-element_type=\"widget\" data-settings=\"{&quot;highlighted_text&quot;:&quot;DESIGN ET CR\\u00c9ATION&quot;,&quot;marker&quot;:&quot;underline_zigzag&quot;,&quot;headline_style&quot;:&quot;highlight&quot;}\" data-widget_type=\"twbbanimated-headline.default\">\n\t\t\t\t<div class=\"elementor-widget-container\">\n\t\t\t\t\t    <h4 class=\"twbb-headline\">\n        <span class=\"twbb-headline-dynamic-wrapper twbb-headline-text-wrapper\"><\/span>\n        <\/h4>\n    \t\t\t\t<\/div>\n\t\t\t\t<\/div>\n\t\t\t\t<div class=\"elementor-element elementor-element-973818a elementor-widget__width-initial elementor-widget-mobile__width-inherit elementor-widget-tablet__width-initial animated-slow elementor-invisible elementor-widget elementor-widget-text-editor\" data-id=\"973818a\" data-element_type=\"widget\" data-settings=\"{&quot;_animation&quot;:&quot;fadeIn&quot;,&quot;_animation_delay&quot;:2000}\" data-widget_type=\"text-editor.default\">\n\t\t\t\t\t\t\t\t\t<p class=\"brz-text-lg-justify brz-lh-lg-1_7 brz-ls-lg-1_5 brz-fw-lg-600 brz-fss-lg-px brz-fs-lg-19 brz-ft-google brz-ff-montserrat brz-tp-lg-empty brz-lh-xs-1_7 brz-ls-xs-1_5 brz-fw-xs-600 brz-fss-xs-px brz-fs-xs-18 brz-tp-xs-empty brz-text-xs-justify brz-css-vY137\" data-generated-css=\"brz-css-wAyri\" data-uniq-id=\"hjWAJ\"><strong><span class=\"link--upload brz-span\">:: Ideen und Inspiration ::<\/span><\/strong><\/p><p class=\"brz-text-lg-left brz-ls-lg-1_5 brz-fw-lg-400 brz-fss-lg-px brz-fs-lg-18 brz-ft-google brz-ff-montserrat brz-tp-lg-empty brz-lh-lg-1_7 brz-lh-xs-1_7 brz-ls-xs-2_2 brz-fw-xs-500 brz-fss-xs-px brz-fs-xs-16 brz-tp-xs-empty brz-text-xs-justify brz-css-xT79b\" data-generated-css=\"brz-css-wrmDx\" data-uniq-id=\"jVDUA\"><span class=\"brz-span\">F\u00fcr Sie entwickeln wir neue Ideen durch kreative Konzeption und praxisnahe Umsetzung.<\/span><\/p>\t\t\t\t\t\t\t\t<\/div>\n\t\t<div class=\"elementor-element elementor-element-39c43a39 e-con-full e-flex e-con e-child\" data-id=\"39c43a39\" data-element_type=\"container\">\n\t\t\t\t<div class=\"elementor-element elementor-element-32945ee elementor-widget elementor-widget-button\" data-id=\"32945ee\" data-element_type=\"widget\" data-widget_type=\"button.default\">\n\t\t\t\t\t\t\t\t\t\t<a class=\"elementor-button elementor-button-link elementor-size-sm\" href=\"mailto:info@nxtbookmedia.fr\" target=\"_blank\">\n\t\t\t\t\t\t<span class=\"elementor-button-content-wrapper\">\n\t\t\t\t\t\t\t\t\t<span class=\"elementor-button-text\">Mehr erfahren<\/span>\n\t\t\t\t\t<\/span>\n\t\t\t\t\t<\/a>\n\t\t\t\t\t\t\t\t<\/div>\n\t\t\t\t<\/div>\n\t\t\t\t<\/div>\n\t\t\t\t<\/div>\n\t\t<div class=\"elementor-element elementor-element-cf315e2 e-con-full e-flex e-con e-child\" data-id=\"cf315e2\" data-element_type=\"container\">\n\t\t\t\t<\/div>\n\t\t\t\t\t<\/div>\n\t\t\t\t<\/div>\n\t\t<div class=\"elementor-element elementor-element-17366ffe twbb_section e-flex e-con-boxed e-con e-parent\" data-id=\"17366ffe\" data-element_type=\"container\" id=\"details-section-of-the-page-for-service-consulting-production\">\n\t\t\t\t\t<div class=\"e-con-inner\">\n\t\t\t\t<div class=\"elementor-element elementor-element-8a7aae1 elementor-widget__width-initial elementor-widget elementor-widget-video\" data-id=\"8a7aae1\" data-element_type=\"widget\" data-settings=\"{&quot;video_type&quot;:&quot;hosted&quot;,&quot;autoplay&quot;:&quot;yes&quot;,&quot;play_on_mobile&quot;:&quot;yes&quot;,&quot;mute&quot;:&quot;yes&quot;,&quot;controls&quot;:&quot;yes&quot;}\" data-widget_type=\"video.default\">\n\t\t\t\t\t\t\t<div class=\"e-hosted-video elementor-wrapper elementor-open-inline\">\n\t\t\t\t\t<video class=\"elementor-video\" src=\"https:\/\/nxtbookmedia.fr\/wp-content\/uploads\/2026\/03\/montage-prada.mp4\" autoplay=\"\" controls=\"\" muted=\"muted\" playsinline=\"\" controlslist=\"nodownload\"><\/video>\n\t\t\t\t<\/div>\n\t\t\t\t\t\t<\/div>\n\t\t\t\t\t<\/div>\n\t\t\t\t<\/div>\n\t\t<div class=\"elementor-element elementor-element-efe9272 e-flex e-con-boxed e-con e-parent\" data-id=\"efe9272\" data-element_type=\"container\" data-settings=\"{&quot;shape_divider_top&quot;:&quot;opacity-fan&quot;}\">\n\t\t\t\t\t<div class=\"e-con-inner\">\n\t\t\t\t<div class=\"elementor-shape elementor-shape-top\" aria-hidden=\"true\" data-negative=\"false\">\n\t\t\t<svg xmlns=\"http:\/\/www.w3.org\/2000\/svg\" viewbox=\"0 0 283.5 19.6\" preserveaspectratio=\"none\">\n\t<path class=\"elementor-shape-fill\" style=\"opacity:0.33\" d=\"M0 0L0 18.8 141.8 4.1 283.5 18.8 283.5 0z\"\/>\n\t<path class=\"elementor-shape-fill\" style=\"opacity:0.33\" d=\"M0 0L0 12.6 141.8 4 283.5 12.6 283.5 0z\"\/>\n\t<path class=\"elementor-shape-fill\" style=\"opacity:0.33\" d=\"M0 0L0 6.4 141.8 4 283.5 6.4 283.5 0z\"\/>\n\t<path class=\"elementor-shape-fill\" d=\"M0 0L0 1.2 141.8 4 283.5 1.2 283.5 0z\"\/>\n<\/svg>\t\t<\/div>\n\t\t<div class=\"elementor-element elementor-element-288df8b e-con-full e-flex e-con e-child\" data-id=\"288df8b\" data-element_type=\"container\">\n\t\t\t\t<\/div>\n\t\t<div class=\"elementor-element elementor-element-f93b9c7 e-con-full e-flex e-con e-child\" data-id=\"f93b9c7\" data-element_type=\"container\">\n\t\t\t\t<\/div>\n\t\t\t\t\t<\/div>\n\t\t\t\t<\/div>\n\t\t<div class=\"elementor-element elementor-element-1d443f2 twbb_section e-flex e-con-boxed e-con e-parent\" data-id=\"1d443f2\" data-element_type=\"container\">\n\t\t\t\t\t<div class=\"e-con-inner\">\n\t\t\t\t<div class=\"elementor-element elementor-element-c989cbb elementor-widget__width-initial elementor-widget-mobile__width-inherit elementor-widget-tablet__width-initial elementor-widget elementor-widget-image\" data-id=\"c989cbb\" data-element_type=\"widget\" data-widget_type=\"image.default\">\n\t\t\t\t\t\t\t\t\t\t\t\t\t\t\t<img fetchpriority=\"high\" decoding=\"async\" width=\"2560\" height=\"2560\" src=\"https:\/\/nxtbookmedia.fr\/wp-content\/uploads\/2025\/11\/58974-scaled.jpg\" class=\"attachment-full size-full wp-image-1299\" alt=\"\" srcset=\"https:\/\/nxtbookmedia.fr\/wp-content\/uploads\/2025\/11\/58974-scaled.jpg 2560w, https:\/\/nxtbookmedia.fr\/wp-content\/uploads\/2025\/11\/58974-300x300.jpg 300w, https:\/\/nxtbookmedia.fr\/wp-content\/uploads\/2025\/11\/58974-1024x1024.jpg 1024w, https:\/\/nxtbookmedia.fr\/wp-content\/uploads\/2025\/11\/58974-150x150.jpg 150w, https:\/\/nxtbookmedia.fr\/wp-content\/uploads\/2025\/11\/58974-768x768.jpg 768w, https:\/\/nxtbookmedia.fr\/wp-content\/uploads\/2025\/11\/58974-1536x1536.jpg 1536w, https:\/\/nxtbookmedia.fr\/wp-content\/uploads\/2025\/11\/58974-2048x2048.jpg 2048w, https:\/\/nxtbookmedia.fr\/wp-content\/uploads\/2025\/11\/58974-600x600.jpg 600w\" sizes=\"(max-width: 2560px) 100vw, 2560px\" \/>\t\t\t\t\t\t\t\t\t\t\t\t\t\t\t<\/div>\n\t\t<div class=\"elementor-element elementor-element-2e287df e-con-full e-flex e-con e-child\" data-id=\"2e287df\" data-element_type=\"container\">\n\t\t\t\t<div class=\"elementor-element elementor-element-d55c526 elementor-widget__width-initial elementor-widget-mobile__width-inherit elementor-widget-tablet__width-initial twbb-headline--style-rotate elementor-widget elementor-widget-twbbanimated-headline\" data-id=\"d55c526\" data-element_type=\"widget\" data-settings=\"{&quot;headline_style&quot;:&quot;rotate&quot;,&quot;rotating_text&quot;:&quot;Consulting &amp; Production&quot;,&quot;animation_type&quot;:&quot;clip&quot;}\" data-widget_type=\"twbbanimated-headline.default\">\n\t\t\t\t<div class=\"elementor-widget-container\">\n\t\t\t\t\t    <h3 class=\"twbb-headline twbb-headline-animation-type-clip\">\n          <span class=\"twbb-headline-plain-text twbb-headline-text-wrapper\">Warum Nxtbook Media f\u00fcr Ihre Projekte?<\/span>\n        <span class=\"twbb-headline-dynamic-wrapper twbb-headline-text-wrapper\"><\/span>\n        <\/h3>\n    \t\t\t\t<\/div>\n\t\t\t\t<\/div>\n\t\t\t\t<div class=\"elementor-element elementor-element-580b2b4 elementor-widget__width-initial elementor-widget-mobile__width-inherit elementor-widget-tablet__width-initial elementor-invisible elementor-widget elementor-widget-text-editor\" data-id=\"580b2b4\" data-element_type=\"widget\" data-settings=\"{&quot;_animation&quot;:&quot;fadeInUp&quot;}\" data-widget_type=\"text-editor.default\">\n\t\t\t\t\t\t\t\t\t<p><strong>Nxtbook Media<\/strong> begleitet Sie mit mehr als 20 Jahren Erfahrung und fundierter Expertise. Unser Team ber\u00e4t Sie strategisch, steuert Ihre Projekte von Anfang bis Ende und sorgt daf\u00fcr, dass alles pr\u00e4zise auf Ihre Anforderungen abgestimmt ist.<\/p>\t\t\t\t\t\t\t\t<\/div>\n\t\t<div class=\"elementor-element elementor-element-7549d3f e-con-full e-flex e-con e-child\" data-id=\"7549d3f\" data-element_type=\"container\">\n\t\t<div class=\"elementor-element elementor-element-d073c3f e-con-full e-flex e-con e-child\" data-id=\"d073c3f\" data-element_type=\"container\">\n\t\t\t\t<div class=\"elementor-element elementor-element-6879939 elementor-widget__width-auto elementor-widget-mobile__width-auto elementor-widget-tablet__width-initial elementor-widget elementor-widget-counter\" data-id=\"6879939\" data-element_type=\"widget\" data-widget_type=\"counter.default\">\n\t\t\t\t\t\t\t<div class=\"elementor-counter\">\n\t\t\t<div class=\"elementor-counter-title\">Auszeichnungen<\/div>\t\t\t<div class=\"elementor-counter-number-wrapper\">\n\t\t\t\t<span class=\"elementor-counter-number-prefix\"><\/span>\n\t\t\t\t<span class=\"elementor-counter-number\" data-duration=\"2000\" data-to-value=\"40\" data-from-value=\"0\">0<\/span>\n\t\t\t\t<span class=\"elementor-counter-number-suffix\"> <\/span>\n\t\t\t<\/div>\n\t\t<\/div>\n\t\t\t\t\t\t<\/div>\n\t\t\t\t<\/div>\n\t\t<div class=\"elementor-element elementor-element-25581d3 e-con-full e-flex e-con e-child\" data-id=\"25581d3\" data-element_type=\"container\">\n\t\t\t\t<div class=\"elementor-element elementor-element-8836658 elementor-widget__width-auto elementor-widget-mobile__width-auto elementor-widget-tablet__width-initial elementor-widget elementor-widget-counter\" data-id=\"8836658\" data-element_type=\"widget\" data-widget_type=\"counter.default\">\n\t\t\t\t\t\t\t<div class=\"elementor-counter\">\n\t\t\t<div class=\"elementor-counter-title\">Projekte<\/div>\t\t\t<div class=\"elementor-counter-number-wrapper\">\n\t\t\t\t<span class=\"elementor-counter-number-prefix\"><\/span>\n\t\t\t\t<span class=\"elementor-counter-number\" data-duration=\"2000\" data-to-value=\"100000\" data-from-value=\"0\">0<\/span>\n\t\t\t\t<span class=\"elementor-counter-number-suffix\"><\/span>\n\t\t\t<\/div>\n\t\t<\/div>\n\t\t\t\t\t\t<\/div>\n\t\t\t\t<\/div>\n\t\t\t\t<\/div>\n\t\t<div class=\"elementor-element elementor-element-2e49f70 e-con-full e-flex e-con e-child\" data-id=\"2e49f70\" data-element_type=\"container\">\n\t\t<div class=\"elementor-element elementor-element-406b05c e-con-full e-flex e-con e-child\" data-id=\"406b05c\" data-element_type=\"container\">\n\t\t\t\t<div class=\"elementor-element elementor-element-1f5e4ae elementor-widget__width-auto elementor-widget-mobile__width-auto elementor-widget-tablet__width-initial elementor-widget elementor-widget-counter\" data-id=\"1f5e4ae\" data-element_type=\"widget\" data-widget_type=\"counter.default\">\n\t\t\t\t\t\t\t<div class=\"elementor-counter\">\n\t\t\t<div class=\"elementor-counter-title\">Jahre durchschnittlicher Zusammenarbeit<\/div>\t\t\t<div class=\"elementor-counter-number-wrapper\">\n\t\t\t\t<span class=\"elementor-counter-number-prefix\"><\/span>\n\t\t\t\t<span class=\"elementor-counter-number\" data-duration=\"2000\" data-to-value=\"12\" data-from-value=\"0\">0<\/span>\n\t\t\t\t<span class=\"elementor-counter-number-suffix\"><\/span>\n\t\t\t<\/div>\n\t\t<\/div>\n\t\t\t\t\t\t<\/div>\n\t\t\t\t<\/div>\n\t\t\t\t<\/div>\n\t\t\t\t<\/div>\n\t\t\t\t\t<\/div>\n\t\t\t\t<\/div>\n\t\t\t\t<\/div>","protected":false},"excerpt":{"rendered":"<p>D\u00e9couvrez nos services complets pour vos Nxtbook Media vous propose une gamme de services de publication num\u00e9rique con\u00e7us pour transformer vos PDF en publications Web professionnelles gr\u00e2ce \u00e0 deux CMS (Content Management System) aux fonctionnalit\u00e9s \u00e9tendues. Production Transformez vos PDF statiques en publications HTML dynamiques et interactives. Nxtbook Media vous propose deux modes de collaboration. [&hellip;]<\/p>\n","protected":false},"author":0,"featured_media":0,"parent":0,"menu_order":0,"comment_status":"closed","ping_status":"publish","template":"","meta":{"two_page_speed":[],"footnotes":""},"class_list":["post-160","page","type-page","status-publish","hentry"],"_links":{"self":[{"href":"https:\/\/nxtbookmedia.fr\/de\/wp-json\/wp\/v2\/pages\/160","targetHints":{"allow":["GET"]}}],"collection":[{"href":"https:\/\/nxtbookmedia.fr\/de\/wp-json\/wp\/v2\/pages"}],"about":[{"href":"https:\/\/nxtbookmedia.fr\/de\/wp-json\/wp\/v2\/types\/page"}],"replies":[{"embeddable":true,"href":"https:\/\/nxtbookmedia.fr\/de\/wp-json\/wp\/v2\/comments?post=160"}],"version-history":[{"count":0,"href":"https:\/\/nxtbookmedia.fr\/de\/wp-json\/wp\/v2\/pages\/160\/revisions"}],"wp:attachment":[{"href":"https:\/\/nxtbookmedia.fr\/de\/wp-json\/wp\/v2\/media?parent=160"}],"curies":[{"name":"wp","href":"https:\/\/api.w.org\/{rel}","templated":true}]}}